{"id":217,"date":"2018-02-25T15:41:02","date_gmt":"2018-02-25T13:41:02","guid":{"rendered":"http:\/\/lchs.lt\/?page_id=217\/"},"modified":"2021-09-24T15:02:09","modified_gmt":"2021-09-24T12:02:09","slug":"paremti-12","status":"publish","type":"page","link":"https:\/\/archive.lchs.lt\/en\/paremti-12\/","title":{"rendered":"1,2% support"},"content":{"rendered":"\n<p>Gerbiami chorin\u0117s muzikos puosel\u0117tojai, kreipiam\u0117s \u012f Jus d\u0117l 1,2% paramos Lietuvos chor\u0173 s\u0105jungai.&nbsp;<\/p>\n\n\n\n<p>Paremti mus galite pasinaudodami \u012fstatymo suteikta teise \u2013 dal\u012f (iki 1,2%) sumok\u0117to gyventoj\u0173 pajam\u0173 mokes\u010dio pervesti \u012f Lietuvos chor\u0173 s\u0105jungos atsiskaitom\u0105j\u0105 s\u0105skait\u0105.<\/p>\n\n\n\n<p><strong>Lietuvos chor\u0173 s\u0105jungos rekvizitai:<\/strong><\/p>\n\n\n\n<p>Paramos gav\u0117jo identifikacinis numeris (kodas): <strong>191689232<\/strong><\/p>\n\n\n\n<p>Paramos gav\u0117jo pavadinimas: <strong>Lietuvos chor\u0173 s\u0105junga<\/strong><\/p>\n\n\n\n<p>Adresas: <strong>B. Radvilait\u0117s g. 8, Vilnius<\/strong><\/p>\n\n\n\n<p>Atsiskaitomosios s\u0105skaitos numeris: <strong>LT227044060000229495<\/strong><\/p>\n\n\n\n<p><strong>Pastaba:<\/strong> nusprendus pajam\u0173 mokes\u010dio dal\u012f skirti paramos gav\u0117jui ilgiau kaip vienerius metus, pildomas E5 laukelis, pra\u0161ymo formoje \u012fra\u0161ant paramos laikotarpio pabaigos metus.<\/p>\n\n\n\n<hr class=\"wp-block-separator\"\/>\n\n\n\n<p>Kaip pervesti 1,2 proc. pajam\u0173 mokes\u010dio? <strong>Pra\u0161ymus galite teikti iki \u0161. m. liepos 1<\/strong> <strong>d.<\/strong><\/p>\n\n\n\n<p>Param\u0105 galite pervesti u\u017epild\u0119 Valstybin\u0117s mokes\u010di\u0173 inspekcijos prie Lietuvos Respublikos finans\u0173 ministerijos pra\u0161ymo form\u0105 FR0512 v.2:<\/p>\n\n\n\n<ul class=\"wp-block-list\"><li>elektroniniu b\u016bdu (per naudojamo elektroninio banko prieig\u0105) adresu&nbsp;<a href=\"http:\/\/deklaravimas.vmi.lt\" target=\"_blank\" rel=\"noreferrer noopener\">http:\/\/deklaravimas.vmi.lt<\/a>;<\/li><li>u\u017epildyt\u0105 pra\u0161ymo form\u0105 galite tiesiogiai \u012fteikti savo gyvenamos vietos apskrities valstybin\u0117s mokes\u010di\u0173 inspekcijos teritorinio skyriaus darbuotojui;<\/li><\/ul>\n\n\n\n<p>Speciali\u0105 pra\u0161ymo form\u0105 bei instrukcijas, kaip j\u0105 pildyti, galima gauti VMI arba atsidar\u0119 \u0161i\u0105 nuorod\u0105: <a href=\"http:\/\/lchs.lt\/wp-content\/uploads\/2018\/05\/2_proc._paramos_skyrimo_detali_instrukcija.pdf\">1,2 procent\u0173 paramos skyrimo detali instrukcija<\/a><\/p>\n","protected":false},"excerpt":{"rendered":"<p>Gerbiami chorin\u0117s muzikos puosel\u0117tojai, kreipiam\u0117s \u012f Jus d\u0117l 1,2% paramos Lietuvos chor\u0173 s\u0105jungai.&nbsp; Paremti mus galite pasinaudodami \u012fstatymo suteikta teise \u2013 dal\u012f (iki 1,2%) sumok\u0117to gyventoj\u0173 pajam\u0173 mokes\u010dio pervesti \u012f [&hellip;]<\/p>\n","protected":false},"author":3,"featured_media":0,"parent":0,"menu_order":0,"comment_status":"closed","ping_status":"closed","template":"","meta":{"_EventAllDay":false,"_EventTimezone":"","_EventStartDate":"","_EventEndDate":"","_EventStartDateUTC":"","_EventEndDateUTC":"","_EventShowMap":false,"_EventShowMapLink":false,"_EventURL":"","_EventCost":"","_EventCostDescription":"","_EventCurrencySymbol":"","_EventCurrencyCode":"","_EventCurrencyPosition":"","_EventDateTimeSeparator":"","_EventTimeRangeSeparator":"","_EventOrganizerID":[],"_EventVenueID":[],"_OrganizerEmail":"","_OrganizerPhone":"","_OrganizerWebsite":"","_VenueAddress":"","_VenueCity":"","_VenueCountry":"","_VenueProvince":"","_VenueState":"","_VenueZip":"","_VenuePhone":"","_VenueURL":"","_VenueStateProvince":"","_VenueLat":"","_VenueLng":"","_VenueShowMap":false,"_VenueShowMapLink":false,"footnotes":""},"class_list":["post-217","page","type-page","status-publish","hentry"],"yoast_head":"<!-- This site is optimized with the Yoast SEO plugin v24.1 - https:\/\/yoast.com\/wordpress\/plugins\/seo\/ -->\n<title>1,2% support - Lietuvos chor\u0173 sajunga<\/title>\n<meta name=\"robots\" content=\"index, follow, max-snippet:-1, max-image-preview:large, max-video-preview:-1\" \/>\n<link rel=\"canonical\" href=\"https:\/\/archive.lchs.lt\/en\/paremti-12\/\" \/>\n<meta property=\"og:locale\" content=\"en_US\" \/>\n<meta property=\"og:type\" content=\"article\" \/>\n<meta property=\"og:title\" content=\"1,2% support - Lietuvos chor\u0173 sajunga\" \/>\n<meta property=\"og:description\" content=\"Gerbiami chorin\u0117s muzikos puosel\u0117tojai, kreipiam\u0117s \u012f Jus d\u0117l 1,2% paramos Lietuvos chor\u0173 s\u0105jungai.&nbsp; Paremti mus galite pasinaudodami \u012fstatymo suteikta teise \u2013 dal\u012f (iki 1,2%) sumok\u0117to gyventoj\u0173 pajam\u0173 mokes\u010dio pervesti \u012f [&hellip;]\" \/>\n<meta property=\"og:url\" content=\"https:\/\/archive.lchs.lt\/en\/paremti-12\/\" \/>\n<meta property=\"og:site_name\" content=\"Lietuvos chor\u0173 sajunga\" \/>\n<meta property=\"article:modified_time\" content=\"2021-09-24T12:02:09+00:00\" \/>\n<meta name=\"twitter:card\" content=\"summary_large_image\" \/>\n<meta name=\"twitter:label1\" content=\"Est. reading time\" \/>\n\t<meta name=\"twitter:data1\" content=\"1 minute\" \/>\n<script type=\"application\/ld+json\" class=\"yoast-schema-graph\">{\"@context\":\"https:\/\/schema.org\",\"@graph\":[{\"@type\":\"WebPage\",\"@id\":\"https:\/\/archive.lchs.lt\/en\/paremti-12\/\",\"url\":\"https:\/\/archive.lchs.lt\/en\/paremti-12\/\",\"name\":\"1,2% support - Lietuvos chor\u0173 sajunga\",\"isPartOf\":{\"@id\":\"https:\/\/archive.lchs.lt\/en\/#website\"},\"datePublished\":\"2018-02-25T13:41:02+00:00\",\"dateModified\":\"2021-09-24T12:02:09+00:00\",\"breadcrumb\":{\"@id\":\"https:\/\/archive.lchs.lt\/en\/paremti-12\/#breadcrumb\"},\"inLanguage\":\"en-US\",\"potentialAction\":[{\"@type\":\"ReadAction\",\"target\":[\"https:\/\/archive.lchs.lt\/en\/paremti-12\/\"]}]},{\"@type\":\"BreadcrumbList\",\"@id\":\"https:\/\/archive.lchs.lt\/en\/paremti-12\/#breadcrumb\",\"itemListElement\":[{\"@type\":\"ListItem\",\"position\":1,\"name\":\"Prad\u017eia\",\"item\":\"https:\/\/archive.lchs.lt\/en\/\"},{\"@type\":\"ListItem\",\"position\":2,\"name\":\"1,2% support\"}]},{\"@type\":\"WebSite\",\"@id\":\"https:\/\/archive.lchs.lt\/en\/#website\",\"url\":\"https:\/\/archive.lchs.lt\/en\/\",\"name\":\"Lietuvos chor\u0173 sajunga\",\"description\":\"Lietuvos chor\u0173 sajunga\",\"potentialAction\":[{\"@type\":\"SearchAction\",\"target\":{\"@type\":\"EntryPoint\",\"urlTemplate\":\"https:\/\/archive.lchs.lt\/en\/?s={search_term_string}\"},\"query-input\":{\"@type\":\"PropertyValueSpecification\",\"valueRequired\":true,\"valueName\":\"search_term_string\"}}],\"inLanguage\":\"en-US\"}]}<\/script>\n<!-- \/ Yoast SEO plugin. -->","yoast_head_json":{"title":"1,2% support - Lietuvos chor\u0173 sajunga","robots":{"index":"index","follow":"follow","max-snippet":"max-snippet:-1","max-image-preview":"max-image-preview:large","max-video-preview":"max-video-preview:-1"},"canonical":"https:\/\/archive.lchs.lt\/en\/paremti-12\/","og_locale":"en_US","og_type":"article","og_title":"1,2% support - Lietuvos chor\u0173 sajunga","og_description":"Gerbiami chorin\u0117s muzikos puosel\u0117tojai, kreipiam\u0117s \u012f Jus d\u0117l 1,2% paramos Lietuvos chor\u0173 s\u0105jungai.&nbsp; Paremti mus galite pasinaudodami \u012fstatymo suteikta teise \u2013 dal\u012f (iki 1,2%) sumok\u0117to gyventoj\u0173 pajam\u0173 mokes\u010dio pervesti \u012f [&hellip;]","og_url":"https:\/\/archive.lchs.lt\/en\/paremti-12\/","og_site_name":"Lietuvos chor\u0173 sajunga","article_modified_time":"2021-09-24T12:02:09+00:00","twitter_card":"summary_large_image","twitter_misc":{"Est. reading time":"1 minute"},"schema":{"@context":"https:\/\/schema.org","@graph":[{"@type":"WebPage","@id":"https:\/\/archive.lchs.lt\/en\/paremti-12\/","url":"https:\/\/archive.lchs.lt\/en\/paremti-12\/","name":"1,2% support - Lietuvos chor\u0173 sajunga","isPartOf":{"@id":"https:\/\/archive.lchs.lt\/en\/#website"},"datePublished":"2018-02-25T13:41:02+00:00","dateModified":"2021-09-24T12:02:09+00:00","breadcrumb":{"@id":"https:\/\/archive.lchs.lt\/en\/paremti-12\/#breadcrumb"},"inLanguage":"en-US","potentialAction":[{"@type":"ReadAction","target":["https:\/\/archive.lchs.lt\/en\/paremti-12\/"]}]},{"@type":"BreadcrumbList","@id":"https:\/\/archive.lchs.lt\/en\/paremti-12\/#breadcrumb","itemListElement":[{"@type":"ListItem","position":1,"name":"Prad\u017eia","item":"https:\/\/archive.lchs.lt\/en\/"},{"@type":"ListItem","position":2,"name":"1,2% support"}]},{"@type":"WebSite","@id":"https:\/\/archive.lchs.lt\/en\/#website","url":"https:\/\/archive.lchs.lt\/en\/","name":"Lietuvos chor\u0173 sajunga","description":"Lietuvos chor\u0173 sajunga","potentialAction":[{"@type":"SearchAction","target":{"@type":"EntryPoint","urlTemplate":"https:\/\/archive.lchs.lt\/en\/?s={search_term_string}"},"query-input":{"@type":"PropertyValueSpecification","valueRequired":true,"valueName":"search_term_string"}}],"inLanguage":"en-US"}]}},"_links":{"self":[{"href":"https:\/\/archive.lchs.lt\/en\/wp-json\/wp\/v2\/pages\/217"}],"collection":[{"href":"https:\/\/archive.lchs.lt\/en\/wp-json\/wp\/v2\/pages"}],"about":[{"href":"https:\/\/archive.lchs.lt\/en\/wp-json\/wp\/v2\/types\/page"}],"author":[{"embeddable":true,"href":"https:\/\/archive.lchs.lt\/en\/wp-json\/wp\/v2\/users\/3"}],"replies":[{"embeddable":true,"href":"https:\/\/archive.lchs.lt\/en\/wp-json\/wp\/v2\/comments?post=217"}],"version-history":[{"count":9,"href":"https:\/\/archive.lchs.lt\/en\/wp-json\/wp\/v2\/pages\/217\/revisions"}],"predecessor-version":[{"id":1684,"href":"https:\/\/archive.lchs.lt\/en\/wp-json\/wp\/v2\/pages\/217\/revisions\/1684"}],"wp:attachment":[{"href":"https:\/\/archive.lchs.lt\/en\/wp-json\/wp\/v2\/media?parent=217"}],"curies":[{"name":"wp","href":"https:\/\/api.w.org\/{rel}","templated":true}]}}