{"id":199,"date":"2018-02-25T17:27:41","date_gmt":"2018-02-25T15:27:41","guid":{"rendered":"http:\/\/lchs.lt\/?page_id=199\/"},"modified":"2020-10-01T17:11:03","modified_gmt":"2020-10-01T17:11:03","slug":"about-lchs","status":"publish","type":"page","link":"https:\/\/archive.lchs.lt\/en\/about-lchs\/","title":{"rendered":"About LCHS"},"content":{"rendered":"<p><span style=\"font-size: 18pt;\"><strong>The Lithuanian Choral Union is an association operating at B. Radvilait\u0117s st. 8, Vilnius, since 1989.<\/strong><\/span><\/p>\n<p><span style=\"font-size: 18pt;\">Activities<\/span><\/p>\n<p><span style=\"font-size: 18pt;\">The Lithuanian Choral Union, established in 1989, is an independent creative social organization which unites the choir conductors, pedagogues, composer, choir singers and other creative employees who develop and foster the choral art and preserve the tradition of the Lithuanian national choral culture. The Lithuanian Choral Union actively participates in the choral life of Lithuania: the development of activities in Lithuania, the sponsorship of the creative initiatives of the members, and assemble them for art and education activities.<\/span><\/p>\n<p><span style=\"font-size: 18pt;\">The union has a president, elected at the general meeting, and a council.<\/span><\/p>\n<p><span style=\"font-size: 18pt;\">The association unites 101 members (2018) who represent a couple thousand choral performance professionals and amateurs of Lithuania. LCHS members represent different genres of choral activities:<\/span><\/p>\n<ul>\n<li><span style=\"font-size: 18pt;\">Choir conductors of high mastery, winners of different international contests;<\/span><\/li>\n<li><span style=\"font-size: 18pt;\">Leaders of mixed, equal and children choirs;<\/span><\/li>\n<li><span style=\"font-size: 18pt;\">Pedagogues of Music and Art Schools, High Schools and Gymnasiums;<\/span><\/li>\n<li><span style=\"font-size: 18pt;\">Composers and arrangers;<\/span><\/li>\n<li><span style=\"font-size: 18pt;\">Students;<\/span><\/li>\n<\/ul>\n<p><span style=\"font-size: 18pt;\">The LCHS takes care of the professional development of its members, popularizes the choral art among the society, organizes events and seminars for conductors, helps to organize the adult amateur choir contest of Lithuania, sponsors contests for conductors and composers and represents its members addressing the issues at the Ministry of Culture of the Republic of Lithuania and the municipalities of cities and districts.<\/span><\/p>\n<p><span style=\"font-size: 18pt;\">Presidents<\/span><\/p>\n<p><span style=\"font-size: 18pt;\">Arvydas Girdzijauskas \u2013 1989-1992 m.<\/span><br \/>\n<span style=\"font-size: 18pt;\">Albinas Petrauskas \u2013 1992\u20131995 m.<\/span><br \/>\n<span style=\"font-size: 18pt;\">Vytautas Mi\u0161kinis \u2013 1996-2017 m.<\/span><br \/>\n<span style=\"font-size: 18pt;\">Saulius Liausa \u2013 2006 \u2013 2006 m.<\/span><br \/>\n<span style=\"font-size: 18pt;\">Rasa Gelgotien\u0117 \u2013 2017 \u2013 2019 m.<\/span><br \/>\n<span style=\"font-size: 18pt;\">Rasa Gelgotien\u0117 \u2013 2019 \u2013 2023 m.<\/span><\/p>\n<p><span style=\"font-size: 18pt;\">Council members 2019-2023<\/span><\/p>\n<p><span style=\"font-size: 18pt;\">Kristijonas Barto\u0161evi\u010dius<\/span><br \/>\n<span style=\"font-size: 18pt;\">Kastytis Barisas<\/span><br \/>\n<span style=\"font-size: 18pt;\">Danguol\u0117 Beinaryt\u0117<\/span><br \/>\n<span style=\"font-size: 18pt;\">Arvydas Girdzijauskas<\/span><br \/>\n<span style=\"font-size: 18pt;\">Povilas Gylys<\/span><br \/>\n<span style=\"font-size: 18pt;\">Raimondas Katinas<\/span><br \/>\n<span style=\"font-size: 18pt;\">Regina Maleckait\u0117<\/span><br \/>\n<span style=\"font-size: 18pt;\">Vytautas Mi\u0161kinis<\/span><br \/>\n<span style=\"font-size: 18pt;\">Valerija Skapien\u0117<\/span><br \/>\n<span style=\"font-size: 18pt;\">Audron\u0117 Stepankevi\u010di\u016bt\u0117<\/span><br \/>\n<span style=\"font-size: 18pt;\">Alfonsas Vild\u017ei\u016bnas<\/span><br \/>\n<span style=\"font-size: 18pt;\">Rasa Viskantait\u0117<\/span><\/p>\n<p><span style=\"font-size: 18pt;\">Audit Commission 2019-2023<\/span><\/p>\n<p><span style=\"font-size: 18pt;\"><strong>Chairman:<\/strong> Dainius Pui\u0161ys<\/span><\/p>\n<p><span style=\"font-size: 18pt;\">Members:<\/span><\/p>\n<p><span style=\"font-size: 18pt;\">Lilijana Zarankien\u0117<\/span><br \/>\n<span style=\"font-size: 18pt;\">Vilius Maslauskas<\/span><\/p>\n<p><span style=\"font-size: 18pt;\">LCHS Ethics Commission:<\/span><\/p>\n<p><span style=\"font-size: 18pt;\">Povilas Gylys<\/span><br \/>\n<span style=\"font-size: 18pt;\">Raimondas Katinas<\/span><br \/>\n<span style=\"font-size: 18pt;\">Vilija Ma\u017eintait\u0117<\/span><br \/>\n<span style=\"font-size: 18pt;\">Ilona Zalanskien\u0117<\/span><br \/>\n<span style=\"font-size: 18pt;\">Jolita Vaitkevi\u010dien\u0117<\/span><\/p>\n","protected":false},"excerpt":{"rendered":"<p>The Lithuanian Choral Union is an association operating at B. Radvilait\u0117s st. 8, Vilnius, since 1989. Activities The Lithuanian Choral Union, established in 1989, is an independent creative social organization [&hellip;]<\/p>\n","protected":false},"author":3,"featured_media":0,"parent":0,"menu_order":0,"comment_status":"closed","ping_status":"closed","template":"about.php","meta":{"_EventAllDay":false,"_EventTimezone":"","_EventStartDate":"","_EventEndDate":"","_EventStartDateUTC":"","_EventEndDateUTC":"","_EventShowMap":false,"_EventShowMapLink":false,"_EventURL":"","_EventCost":"","_EventCostDescription":"","_EventCurrencySymbol":"","_EventCurrencyCode":"","_EventCurrencyPosition":"","_EventDateTimeSeparator":"","_EventTimeRangeSeparator":"","_EventOrganizerID":[],"_EventVenueID":[],"_OrganizerEmail":"","_OrganizerPhone":"","_OrganizerWebsite":"","_VenueAddress":"","_VenueCity":"","_VenueCountry":"","_VenueProvince":"","_VenueState":"","_VenueZip":"","_VenuePhone":"","_VenueURL":"","_VenueStateProvince":"","_VenueLat":"","_VenueLng":"","_VenueShowMap":false,"_VenueShowMapLink":false,"footnotes":""},"class_list":["post-199","page","type-page","status-publish","hentry"],"yoast_head":"<!-- This site is optimized with the Yoast SEO plugin v24.1 - https:\/\/yoast.com\/wordpress\/plugins\/seo\/ -->\n<title>About LCHS - Lietuvos chor\u0173 sajunga<\/title>\n<meta name=\"robots\" content=\"index, follow, max-snippet:-1, max-image-preview:large, max-video-preview:-1\" \/>\n<link rel=\"canonical\" href=\"https:\/\/archive.lchs.lt\/en\/about-lchs\/\" \/>\n<meta property=\"og:locale\" content=\"en_US\" \/>\n<meta property=\"og:type\" content=\"article\" \/>\n<meta property=\"og:title\" content=\"About LCHS - Lietuvos chor\u0173 sajunga\" \/>\n<meta property=\"og:description\" content=\"The Lithuanian Choral Union is an association operating at B. Radvilait\u0117s st. 8, Vilnius, since 1989. Activities The Lithuanian Choral Union, established in 1989, is an independent creative social organization [&hellip;]\" \/>\n<meta property=\"og:url\" content=\"https:\/\/archive.lchs.lt\/en\/about-lchs\/\" \/>\n<meta property=\"og:site_name\" content=\"Lietuvos chor\u0173 sajunga\" \/>\n<meta property=\"article:modified_time\" content=\"2020-10-01T17:11:03+00:00\" \/>\n<meta name=\"twitter:card\" content=\"summary_large_image\" \/>\n<meta name=\"twitter:label1\" content=\"Est. reading time\" \/>\n\t<meta name=\"twitter:data1\" content=\"2 minutes\" \/>\n<script type=\"application\/ld+json\" class=\"yoast-schema-graph\">{\"@context\":\"https:\/\/schema.org\",\"@graph\":[{\"@type\":\"WebPage\",\"@id\":\"https:\/\/archive.lchs.lt\/en\/about-lchs\/\",\"url\":\"https:\/\/archive.lchs.lt\/en\/about-lchs\/\",\"name\":\"About LCHS - Lietuvos chor\u0173 sajunga\",\"isPartOf\":{\"@id\":\"https:\/\/archive.lchs.lt\/en\/#website\"},\"datePublished\":\"2018-02-25T15:27:41+00:00\",\"dateModified\":\"2020-10-01T17:11:03+00:00\",\"breadcrumb\":{\"@id\":\"https:\/\/archive.lchs.lt\/en\/about-lchs\/#breadcrumb\"},\"inLanguage\":\"en-US\",\"potentialAction\":[{\"@type\":\"ReadAction\",\"target\":[\"https:\/\/archive.lchs.lt\/en\/about-lchs\/\"]}]},{\"@type\":\"BreadcrumbList\",\"@id\":\"https:\/\/archive.lchs.lt\/en\/about-lchs\/#breadcrumb\",\"itemListElement\":[{\"@type\":\"ListItem\",\"position\":1,\"name\":\"Prad\u017eia\",\"item\":\"https:\/\/archive.lchs.lt\/en\/\"},{\"@type\":\"ListItem\",\"position\":2,\"name\":\"About LCHS\"}]},{\"@type\":\"WebSite\",\"@id\":\"https:\/\/archive.lchs.lt\/en\/#website\",\"url\":\"https:\/\/archive.lchs.lt\/en\/\",\"name\":\"Lietuvos chor\u0173 sajunga\",\"description\":\"Lietuvos chor\u0173 sajunga\",\"potentialAction\":[{\"@type\":\"SearchAction\",\"target\":{\"@type\":\"EntryPoint\",\"urlTemplate\":\"https:\/\/archive.lchs.lt\/en\/?s={search_term_string}\"},\"query-input\":{\"@type\":\"PropertyValueSpecification\",\"valueRequired\":true,\"valueName\":\"search_term_string\"}}],\"inLanguage\":\"en-US\"}]}<\/script>\n<!-- \/ Yoast SEO plugin. -->","yoast_head_json":{"title":"About LCHS - Lietuvos chor\u0173 sajunga","robots":{"index":"index","follow":"follow","max-snippet":"max-snippet:-1","max-image-preview":"max-image-preview:large","max-video-preview":"max-video-preview:-1"},"canonical":"https:\/\/archive.lchs.lt\/en\/about-lchs\/","og_locale":"en_US","og_type":"article","og_title":"About LCHS - Lietuvos chor\u0173 sajunga","og_description":"The Lithuanian Choral Union is an association operating at B. Radvilait\u0117s st. 8, Vilnius, since 1989. Activities The Lithuanian Choral Union, established in 1989, is an independent creative social organization [&hellip;]","og_url":"https:\/\/archive.lchs.lt\/en\/about-lchs\/","og_site_name":"Lietuvos chor\u0173 sajunga","article_modified_time":"2020-10-01T17:11:03+00:00","twitter_card":"summary_large_image","twitter_misc":{"Est. reading time":"2 minutes"},"schema":{"@context":"https:\/\/schema.org","@graph":[{"@type":"WebPage","@id":"https:\/\/archive.lchs.lt\/en\/about-lchs\/","url":"https:\/\/archive.lchs.lt\/en\/about-lchs\/","name":"About LCHS - Lietuvos chor\u0173 sajunga","isPartOf":{"@id":"https:\/\/archive.lchs.lt\/en\/#website"},"datePublished":"2018-02-25T15:27:41+00:00","dateModified":"2020-10-01T17:11:03+00:00","breadcrumb":{"@id":"https:\/\/archive.lchs.lt\/en\/about-lchs\/#breadcrumb"},"inLanguage":"en-US","potentialAction":[{"@type":"ReadAction","target":["https:\/\/archive.lchs.lt\/en\/about-lchs\/"]}]},{"@type":"BreadcrumbList","@id":"https:\/\/archive.lchs.lt\/en\/about-lchs\/#breadcrumb","itemListElement":[{"@type":"ListItem","position":1,"name":"Prad\u017eia","item":"https:\/\/archive.lchs.lt\/en\/"},{"@type":"ListItem","position":2,"name":"About LCHS"}]},{"@type":"WebSite","@id":"https:\/\/archive.lchs.lt\/en\/#website","url":"https:\/\/archive.lchs.lt\/en\/","name":"Lietuvos chor\u0173 sajunga","description":"Lietuvos chor\u0173 sajunga","potentialAction":[{"@type":"SearchAction","target":{"@type":"EntryPoint","urlTemplate":"https:\/\/archive.lchs.lt\/en\/?s={search_term_string}"},"query-input":{"@type":"PropertyValueSpecification","valueRequired":true,"valueName":"search_term_string"}}],"inLanguage":"en-US"}]}},"_links":{"self":[{"href":"https:\/\/archive.lchs.lt\/en\/wp-json\/wp\/v2\/pages\/199"}],"collection":[{"href":"https:\/\/archive.lchs.lt\/en\/wp-json\/wp\/v2\/pages"}],"about":[{"href":"https:\/\/archive.lchs.lt\/en\/wp-json\/wp\/v2\/types\/page"}],"author":[{"embeddable":true,"href":"https:\/\/archive.lchs.lt\/en\/wp-json\/wp\/v2\/users\/3"}],"replies":[{"embeddable":true,"href":"https:\/\/archive.lchs.lt\/en\/wp-json\/wp\/v2\/comments?post=199"}],"version-history":[{"count":5,"href":"https:\/\/archive.lchs.lt\/en\/wp-json\/wp\/v2\/pages\/199\/revisions"}],"predecessor-version":[{"id":1013,"href":"https:\/\/archive.lchs.lt\/en\/wp-json\/wp\/v2\/pages\/199\/revisions\/1013"}],"wp:attachment":[{"href":"https:\/\/archive.lchs.lt\/en\/wp-json\/wp\/v2\/media?parent=199"}],"curies":[{"name":"wp","href":"https:\/\/api.w.org\/{rel}","templated":true}]}}