{"id":196,"date":"2018-02-25T17:01:55","date_gmt":"2018-02-25T15:01:55","guid":{"rendered":"http:\/\/lchs.lt\/?page_id=196\/"},"modified":"2021-09-25T01:16:11","modified_gmt":"2021-09-24T22:16:11","slug":"members-en","status":"publish","type":"page","link":"https:\/\/archive.lchs.lt\/en\/members-en\/","title":{"rendered":"Members"},"content":{"rendered":"\n<p>Choir leaders, music pedagogues and choir singers can become members of the Lithuanian Choral Union by paying the member&#8217;s fee. The annual membership is \u20ac8.<\/p>\n\n\n\n<p>Transfer the membership fee to:<\/p>\n\n\n\n<p>Lietuvos chor\u0173 s\u0105junga<br>\u012em.k. 191689232<br>Adresas B. Radvilait\u0117s g. 8, Vilnius<br>LT227044060000229495<\/p>\n\n\n\n<p>By becoming a member of the Lithuanian Choral Union, you will be able to:<\/p>\n\n\n\n<ul class=\"wp-block-list\"><li>Receive information about the work and decisions of the LCHS departments, make proposals and statements.<\/li><li>Maintain International Relations and turn to the LCHS for their implementation.<\/li><li>Elect and be elected to the LCHS management and audit bodies.<\/li><li>Withdraw from the union by submitting a request to the council.<\/li><\/ul>\n\n\n\n<p>Other:<\/p>\n\n\n\n<ul class=\"wp-block-list\"><li>Receive and share information about the ongoing events in Lithuania and abroad.<\/li><li>Receive discounts for the events and seminars in Lithuania.<\/li><\/ul>\n\n\n\n<p>Receive discounts buying publications in a sheet music bookstore.<\/p>\n","protected":false},"excerpt":{"rendered":"<p>Choir leaders, music pedagogues and choir singers can become members of the Lithuanian Choral Union by paying the member&#8217;s fee. The annual membership is \u20ac8. Transfer the membership fee to: [&hellip;]<\/p>\n","protected":false},"author":3,"featured_media":0,"parent":0,"menu_order":0,"comment_status":"closed","ping_status":"closed","template":"members.php","meta":{"_EventAllDay":false,"_EventTimezone":"","_EventStartDate":"","_EventEndDate":"","_EventStartDateUTC":"","_EventEndDateUTC":"","_EventShowMap":false,"_EventShowMapLink":false,"_EventURL":"","_EventCost":"","_EventCostDescription":"","_EventCurrencySymbol":"","_EventCurrencyCode":"","_EventCurrencyPosition":"","_EventDateTimeSeparator":"","_EventTimeRangeSeparator":"","_EventOrganizerID":[],"_EventVenueID":[],"_OrganizerEmail":"","_OrganizerPhone":"","_OrganizerWebsite":"","_VenueAddress":"","_VenueCity":"","_VenueCountry":"","_VenueProvince":"","_VenueState":"","_VenueZip":"","_VenuePhone":"","_VenueURL":"","_VenueStateProvince":"","_VenueLat":"","_VenueLng":"","_VenueShowMap":false,"_VenueShowMapLink":false,"footnotes":""},"class_list":["post-196","page","type-page","status-publish","hentry"],"yoast_head":"<!-- This site is optimized with the Yoast SEO plugin v24.1 - https:\/\/yoast.com\/wordpress\/plugins\/seo\/ -->\n<title>Members - Lietuvos chor\u0173 sajunga<\/title>\n<meta name=\"robots\" content=\"index, follow, max-snippet:-1, max-image-preview:large, max-video-preview:-1\" \/>\n<link rel=\"canonical\" href=\"https:\/\/archive.lchs.lt\/en\/members-en\/\" \/>\n<meta property=\"og:locale\" content=\"en_US\" \/>\n<meta property=\"og:type\" content=\"article\" \/>\n<meta property=\"og:title\" content=\"Members - Lietuvos chor\u0173 sajunga\" \/>\n<meta property=\"og:description\" content=\"Choir leaders, music pedagogues and choir singers can become members of the Lithuanian Choral Union by paying the member&#8217;s fee. The annual membership is \u20ac8. Transfer the membership fee to: [&hellip;]\" \/>\n<meta property=\"og:url\" content=\"https:\/\/archive.lchs.lt\/en\/members-en\/\" \/>\n<meta property=\"og:site_name\" content=\"Lietuvos chor\u0173 sajunga\" \/>\n<meta property=\"article:modified_time\" content=\"2021-09-24T22:16:11+00:00\" \/>\n<meta name=\"twitter:card\" content=\"summary_large_image\" \/>\n<meta name=\"twitter:label1\" content=\"Est. reading time\" \/>\n\t<meta name=\"twitter:data1\" content=\"1 minute\" \/>\n<script type=\"application\/ld+json\" class=\"yoast-schema-graph\">{\"@context\":\"https:\/\/schema.org\",\"@graph\":[{\"@type\":\"WebPage\",\"@id\":\"https:\/\/archive.lchs.lt\/en\/members-en\/\",\"url\":\"https:\/\/archive.lchs.lt\/en\/members-en\/\",\"name\":\"Members - Lietuvos chor\u0173 sajunga\",\"isPartOf\":{\"@id\":\"https:\/\/archive.lchs.lt\/en\/#website\"},\"datePublished\":\"2018-02-25T15:01:55+00:00\",\"dateModified\":\"2021-09-24T22:16:11+00:00\",\"breadcrumb\":{\"@id\":\"https:\/\/archive.lchs.lt\/en\/members-en\/#breadcrumb\"},\"inLanguage\":\"en-US\",\"potentialAction\":[{\"@type\":\"ReadAction\",\"target\":[\"https:\/\/archive.lchs.lt\/en\/members-en\/\"]}]},{\"@type\":\"BreadcrumbList\",\"@id\":\"https:\/\/archive.lchs.lt\/en\/members-en\/#breadcrumb\",\"itemListElement\":[{\"@type\":\"ListItem\",\"position\":1,\"name\":\"Prad\u017eia\",\"item\":\"https:\/\/archive.lchs.lt\/en\/\"},{\"@type\":\"ListItem\",\"position\":2,\"name\":\"Members\"}]},{\"@type\":\"WebSite\",\"@id\":\"https:\/\/archive.lchs.lt\/en\/#website\",\"url\":\"https:\/\/archive.lchs.lt\/en\/\",\"name\":\"Lietuvos chor\u0173 sajunga\",\"description\":\"Lietuvos chor\u0173 sajunga\",\"potentialAction\":[{\"@type\":\"SearchAction\",\"target\":{\"@type\":\"EntryPoint\",\"urlTemplate\":\"https:\/\/archive.lchs.lt\/en\/?s={search_term_string}\"},\"query-input\":{\"@type\":\"PropertyValueSpecification\",\"valueRequired\":true,\"valueName\":\"search_term_string\"}}],\"inLanguage\":\"en-US\"}]}<\/script>\n<!-- \/ Yoast SEO plugin. -->","yoast_head_json":{"title":"Members - Lietuvos chor\u0173 sajunga","robots":{"index":"index","follow":"follow","max-snippet":"max-snippet:-1","max-image-preview":"max-image-preview:large","max-video-preview":"max-video-preview:-1"},"canonical":"https:\/\/archive.lchs.lt\/en\/members-en\/","og_locale":"en_US","og_type":"article","og_title":"Members - Lietuvos chor\u0173 sajunga","og_description":"Choir leaders, music pedagogues and choir singers can become members of the Lithuanian Choral Union by paying the member&#8217;s fee. The annual membership is \u20ac8. Transfer the membership fee to: [&hellip;]","og_url":"https:\/\/archive.lchs.lt\/en\/members-en\/","og_site_name":"Lietuvos chor\u0173 sajunga","article_modified_time":"2021-09-24T22:16:11+00:00","twitter_card":"summary_large_image","twitter_misc":{"Est. reading time":"1 minute"},"schema":{"@context":"https:\/\/schema.org","@graph":[{"@type":"WebPage","@id":"https:\/\/archive.lchs.lt\/en\/members-en\/","url":"https:\/\/archive.lchs.lt\/en\/members-en\/","name":"Members - Lietuvos chor\u0173 sajunga","isPartOf":{"@id":"https:\/\/archive.lchs.lt\/en\/#website"},"datePublished":"2018-02-25T15:01:55+00:00","dateModified":"2021-09-24T22:16:11+00:00","breadcrumb":{"@id":"https:\/\/archive.lchs.lt\/en\/members-en\/#breadcrumb"},"inLanguage":"en-US","potentialAction":[{"@type":"ReadAction","target":["https:\/\/archive.lchs.lt\/en\/members-en\/"]}]},{"@type":"BreadcrumbList","@id":"https:\/\/archive.lchs.lt\/en\/members-en\/#breadcrumb","itemListElement":[{"@type":"ListItem","position":1,"name":"Prad\u017eia","item":"https:\/\/archive.lchs.lt\/en\/"},{"@type":"ListItem","position":2,"name":"Members"}]},{"@type":"WebSite","@id":"https:\/\/archive.lchs.lt\/en\/#website","url":"https:\/\/archive.lchs.lt\/en\/","name":"Lietuvos chor\u0173 sajunga","description":"Lietuvos chor\u0173 sajunga","potentialAction":[{"@type":"SearchAction","target":{"@type":"EntryPoint","urlTemplate":"https:\/\/archive.lchs.lt\/en\/?s={search_term_string}"},"query-input":{"@type":"PropertyValueSpecification","valueRequired":true,"valueName":"search_term_string"}}],"inLanguage":"en-US"}]}},"_links":{"self":[{"href":"https:\/\/archive.lchs.lt\/en\/wp-json\/wp\/v2\/pages\/196"}],"collection":[{"href":"https:\/\/archive.lchs.lt\/en\/wp-json\/wp\/v2\/pages"}],"about":[{"href":"https:\/\/archive.lchs.lt\/en\/wp-json\/wp\/v2\/types\/page"}],"author":[{"embeddable":true,"href":"https:\/\/archive.lchs.lt\/en\/wp-json\/wp\/v2\/users\/3"}],"replies":[{"embeddable":true,"href":"https:\/\/archive.lchs.lt\/en\/wp-json\/wp\/v2\/comments?post=196"}],"version-history":[{"count":13,"href":"https:\/\/archive.lchs.lt\/en\/wp-json\/wp\/v2\/pages\/196\/revisions"}],"predecessor-version":[{"id":1690,"href":"https:\/\/archive.lchs.lt\/en\/wp-json\/wp\/v2\/pages\/196\/revisions\/1690"}],"wp:attachment":[{"href":"https:\/\/archive.lchs.lt\/en\/wp-json\/wp\/v2\/media?parent=196"}],"curies":[{"name":"wp","href":"https:\/\/api.w.org\/{rel}","templated":true}]}}