{"id":1685,"date":"2021-09-24T13:30:21","date_gmt":"2021-09-24T10:30:21","guid":{"rendered":"http:\/\/lchs.lt\/privatumo-politika\/"},"modified":"2021-09-24T15:16:05","modified_gmt":"2021-09-24T12:16:05","slug":"privacy-policy","status":"publish","type":"page","link":"https:\/\/archive.lchs.lt\/en\/privacy-policy\/","title":{"rendered":"Privacy policy"},"content":{"rendered":"\n<p><strong>BENDRA INFORMACIJA<\/strong><\/p>\n\n\n\n<p>Asociacija Lietuvos chor\u0173 s\u0105junga (toliau \u2013 Duomen\u0173 valdytojas) \u0161ia privatumo politika (toliau \u2013 Privatumo politika) nustato asmens duomen\u0173 tvarkymo s\u0105lygas naudojantis Duomen\u0173 valdytojo valdoma interneto svetaine. Privatumo politikos nustatytos s\u0105lygos taikomos kiekvien\u0105 kart\u0105 jums norint pasiekti m\u016bs\u0173 teikiam\u0105 turin\u012f, nepaisant to, kok\u012f \u012frengin\u012f (kompiuter\u012f, mobil\u0173j\u012f telefon\u0105, plan\u0161et\u0119, televizori\u0173 ar kt.) naudojate.<\/p>\n\n\n\n<p>Duomen\u0173 valdytojo rekvizitai:<\/p>\n\n\n\n<p>Asociacija Lietuvos chor\u0173 s\u0105junga<\/p>\n\n\n\n<p>Buvein\u0117s adresas: Barboros Radvilait\u0117s g. 8, Vilnius, LT-01124<\/p>\n\n\n\n<p>Tel. + +370&nbsp;603 07851<\/p>\n\n\n\n<p>El. pa\u0161tas: <a href=\"mailto:info@lchs.lt\">info@lchs.lt<\/a><\/p>\n\n\n\n<p><em>Labai svarbu, kad atid\u017eiai perskaitytum\u0117te Privatumo politik\u0105, nes kiekvien\u0105 kart\u0105 lankydami Duomen\u0173 valdytojui priklausan\u010di\u0105 interneto svetain\u0119 sutinkate su s\u0105lygomis, apra\u0161ytomis \u0161ioje Privatumo politikoje. Jei nesutinkate su \u0161iomis s\u0105lygomis, pra\u0161ome nesilankyti m\u016bs\u0173 svetain\u0117je ir nesinaudoti m\u016bs\u0173 turiniu.<\/em><\/p>\n\n\n\n<p>Patvirtiname, kad Duomen\u0173 valdytojo svetain\u0117s lankytoj\u0173 duomenys yra renkami laikantis galiojan\u010di\u0173 Europos S\u0105jungos bei Lietuvos Respublikos teis\u0117s akt\u0173 reikalavim\u0173 bei kontroliuojan\u010di\u0173 institucij\u0173 nurodym\u0173. Taikomos visos protingos technin\u0117s ir administracin\u0117s priemon\u0117s tam, kad m\u016bs\u0173 surinkti duomenys apie svetain\u0117s lankytojus b\u016bt\u0173 apsaugoti nuo praradimo, neleistino naudojimo ir pakeitim\u0173.<\/p>\n\n\n\n<p>Taisykl\u0117se vartojamos s\u0105vokos suprantamos taip, kaip jos yra apibr\u0117\u017etos Bendrajame duomen\u0173 apsaugos reglamente Nr. 2016\/679.<\/p>\n\n\n\n<p><strong>KOKI\u0104 INFORMACIJ\u0104 APIE JUS RENKAME?<\/strong><\/p>\n\n\n\n<p>Jeigu j\u016bs lankot\u0117s m\u016bs\u0173 interneto svetain\u0117je, mes renkame informacij\u0105, kuri atskleid\u017eia m\u016bs\u0173 teikiam\u0173 paslaug\u0173 naudojimo ypatumus arba automati\u0161kai generuojam\u0105 vizit\u0173 statistika. Daugiau apie tai skaitykite \u201eSlapukai\u201d.<\/p>\n\n\n\n<p><strong>KAIP NAUDOJAME J\u016aS\u0172 INFORMACIJ\u0104?<\/strong><\/p>\n\n\n\n<p>Surinkt\u0105 informacij\u0105 galime naudoti siekdami su\u017einoti, kaip svetain\u0117s lankytojai naudoja m\u016bs\u0173 teikiamas internetines paslaugas, taip pat siekdami kuo pla\u010diau paskleisti \u017einias nariams apie Duomen\u0173 valdytojo vykdom\u0105 veikl\u0105.<\/p>\n\n\n\n<p><strong>TRE\u010cI\u0172J\u0172 \u0160ALI\u0172 SVETAIN\u0116S, PASLAUGOS IR PRODUKTAI M\u016aS\u0172 SVETAIN\u0116SE<\/strong><\/p>\n\n\n\n<p>Duomen\u0173 valdytojo interneto svetain\u0117je gali b\u016bti tre\u010di\u0173j\u0173 \u0161ali\u0173 reklamini\u0173 skydeli\u0173, nuorod\u0173 \u012f j\u0173 svetaines ir paslaugas, kuri\u0173 Duomen\u0173 valdytojas nekontroliuoja. Duomen\u0173 valdytojas neatsako u\u017e informacijos, kuri\u0105 surinko tre\u010diosios \u0161alys, saug\u0105 ir privatum\u0105. Turite perskaityti privatumo nuostatas, taikomas tre\u010di\u0173j\u0173 \u0161ali\u0173 svetain\u0117ms ir paslaugoms, kuriomis naudojat\u0117s.<\/p>\n\n\n\n<p><strong>SLAPUKAI<\/strong><\/p>\n\n\n\n<p>Jums lankantis Duomen\u0173 valdytojo interneto svetain\u0117je, norime pateikti tok\u012f turin\u012f ir funkcijas, kurios b\u016bt\u0173 pritaikytos b\u016btent j\u016bs\u0173 poreikiams. Tam reikalingi slapukai (angl. cookies). Tai nedideli informacijos elementai, kurie automati\u0161kai sukuriami nar\u0161ant svetain\u0117je ir yra i\u0161saugomi j\u016bs\u0173 kompiuteryje ar kitame galiniame \u012frenginyje. Jie padeda Duomen\u0173 valdytojui atpa\u017einti jus kaip ankstesn\u012f tam tikros interneto svetain\u0117s lankytoj\u0105, i\u0161saugoti j\u016bs\u0173 lankymosi svetain\u0117je istorij\u0105 ir pagal tai pritaikyti turin\u012f. Taip pat slapukai padeda u\u017etikrinti skland\u0173 svetaini\u0173 veikim\u0105, leid\u017eia steb\u0117ti lankymosi interneto svetain\u0117se trukm\u0119, da\u017enum\u0105 bei rinkti statistin\u0119 informacij\u0105 apie svetaini\u0173 lankytoj\u0173 skai\u010di\u0173.<\/p>\n\n\n\n<p><em>M\u016bs\u0173 svetain\u0117je naudojam\u0173 slapuk\u0173 apra\u0161ymai<\/em><\/p>\n\n\n\n<figure class=\"wp-block-table\"><table><tbody><tr><td><strong>Slapuko pavadinimas<\/strong><\/td><td><strong>Slapuko atliekamos funkcijos<\/strong><\/td><td><strong>Duomen\u0173 tvarkymo tikslas<\/strong><\/td><td><strong>Suk\u016brimo momentas<\/strong><\/td><td><strong>Galiojimo laikas<\/strong><\/td><\/tr><tr><td>wordpress_test_cookie<\/td><td>Vartotojo slapuk\u0173 pasirinkimo nustatymas<\/td><td>Nustatyti ar vartotojas patvirtino ir kok\u012f slapuk\u0173 lyg\u012f patvirtino, susipa\u017eino su slapuk\u0173 politika<\/td><td>Apsilankius interneto svetain\u0117je &nbsp;<\/td><td>Iki nar\u0161ykl\u0117s u\u017edarymo &nbsp; &nbsp;<\/td><\/tr><tr><td>cookie notice accepted<\/td><td>Vartotojo slapuk\u0173 pasirinkimo nustatymas<\/td><td>Nustatyti ar vartotojas patvirtino ir kok\u012f slapuk\u0173 lyg\u012f patvirtino, susipa\u017eino su slapuk\u0173 politika<\/td><td>Apsilankius interneto svetain\u0117je<\/td><td>Iki nar\u0161ykl\u0117s u\u017edarymo<\/td><\/tr><tr><td>Wp-wpml current admin language<\/td><td>Saugo vartotojui parinkt\u0105 kalb\u0105<\/td><td>Bazinis svetain\u0117s funkcionalumas<\/td><td>Apsilankius interneto svetain\u0117je<\/td><td>Iki nar\u0161ykl\u0117s u\u017edarymo<\/td><\/tr><tr><td>_ga, _gat, _gid<\/td><td>Google analitika<\/td><td>Vartotoj\u0173 lankomumo analiz\u0117, tre\u010diosios \u0161alies naudotojo elgesiu grind\u017eiamos internetin\u0117s reklamos tikslais<\/td><td>Apsilankius interneto svetain\u0117je<\/td><td>Iki nar\u0161ykl\u0117s u\u017edarymo<\/td><\/tr><\/tbody><\/table><\/figure>\n\n\n\n<p><em>Kaip valdyti ir i\u0161trinti slapukus<\/em><\/p>\n\n\n\n<p>Kai naudojate nar\u0161ykl\u0119 m\u016bs\u0173 teikiamam turiniui pasiekti, galite konfig\u016bruoti savo nar\u0161ykl\u0119 taip, kad b\u016bt\u0173 priimti visi slapukai, atmesti visi slapukai arba b\u016bt\u0173 prane\u0161ama, kai slapukas atsiun\u010diamas. Kiekviena nar\u0161ykl\u0117 skirtinga, tod\u0117l, jei ne\u017einote, kaip pakeisti slapuk\u0173 nuostatas, pasi\u017ei\u016br\u0117kite jos \u017einyno meniu. J\u016bs\u0173 \u012frenginio operacin\u0117je sistemoje gali b\u016bti papildom\u0173 slapuk\u0173 valdikli\u0173. Jei nenorite, kad informacija b\u016bt\u0173 renkama slapuk\u0173 pagalba, pasinaudokite daugelyje nar\u0161ykli\u0173 esama paprasta proced\u016bra, kuri leid\u017eia jums atsisakyti slapuk\u0173 naudojimosi. Nor\u0117dami daugiau su\u017einoti, kaip valdyti slapukus, apsilankykite adresu: <a href=\"http:\/\/www.allaboutcookies.org\/manage-cookies\/\" target=\"_blank\" rel=\"noreferrer noopener nofollow\">http:\/\/www.allaboutcookies.org\/manage-cookies\/<\/a>.<\/p>\n\n\n\n<p>Ta\u010diau atkreipiame d\u0117mes\u012f, kad kai kuriais atvejais slapuk\u0173 i\u0161trynimas gali sul\u0117tinti nar\u0161ymo internete spart\u0105, apriboti tam tikr\u0173 interneto svetain\u0117s funkcij\u0173 veikim\u0105 arba blokuoti prieig\u0105 prie svetain\u0117s.<\/p>\n\n\n\n<p>M\u016bs\u0173 svetain\u0117je gali b\u016bti nuorod\u0173 \u012f kit\u0173 asmen\u0173, \u012fmoni\u0173 ar organizacij\u0173 interneto tinklalapius. Atkreipiame d\u0117mes\u012f, kad Duomen\u0173 valdytojas n\u0117ra atsakingas u\u017e toki\u0173 interneto tinklalapi\u0173 turin\u012f ar j\u0173 naudojamus privatumo u\u017etikrinimo principus. Tad jei paspaud\u0119 nuorod\u0105 i\u0161 Duomen\u0173 valdytojo interneto svetain\u0117s pateksite \u012f kitus tinklalapius, tur\u0117tum\u0117te atskirai pasidom\u0117ti j\u0173 Privatumo politika.<\/p>\n\n\n\n<p><strong>SUSISIEKITE SU MUMIS<\/strong><\/p>\n\n\n\n<p>Jei d\u0117l \u0161ioje Privatumo politikoje pateiktos informacijos jums i\u0161kilt\u0173 klausim\u0173, maloniai pra\u0161ome kreiptis bet kuriuo jums patogiu b\u016bdu:<\/p>\n\n\n\n<p>Telefonu: <a href=\"tel:+37060307851\" target=\"_blank\" rel=\"noreferrer noopener nofollow\">+370&nbsp;603 07 851<\/a><\/p>\n\n\n\n<p>El. pa\u0161tu: <a href=\"mailto:info@lchs.lt\" target=\"_blank\" rel=\"noreferrer noopener nofollow\">info@lchs.lt<\/a><\/p>\n\n\n\n<p><em>Atnaujinta 2021-09-22<\/em><\/p>\n","protected":false},"excerpt":{"rendered":"<p>BENDRA INFORMACIJA Asociacija Lietuvos chor\u0173 s\u0105junga (toliau \u2013 Duomen\u0173 valdytojas) \u0161ia privatumo politika (toliau \u2013 Privatumo politika) nustato asmens duomen\u0173 tvarkymo s\u0105lygas naudojantis Duomen\u0173 valdytojo valdoma interneto svetaine. Privatumo politikos [&hellip;]<\/p>\n","protected":false},"author":4,"featured_media":0,"parent":0,"menu_order":0,"comment_status":"closed","ping_status":"closed","template":"","meta":{"_EventAllDay":false,"_EventTimezone":"","_EventStartDate":"","_EventEndDate":"","_EventStartDateUTC":"","_EventEndDateUTC":"","_EventShowMap":false,"_EventShowMapLink":false,"_EventURL":"","_EventCost":"","_EventCostDescription":"","_EventCurrencySymbol":"","_EventCurrencyCode":"","_EventCurrencyPosition":"","_EventDateTimeSeparator":"","_EventTimeRangeSeparator":"","_EventOrganizerID":[],"_EventVenueID":[],"_OrganizerEmail":"","_OrganizerPhone":"","_OrganizerWebsite":"","_VenueAddress":"","_VenueCity":"","_VenueCountry":"","_VenueProvince":"","_VenueState":"","_VenueZip":"","_VenuePhone":"","_VenueURL":"","_VenueStateProvince":"","_VenueLat":"","_VenueLng":"","_VenueShowMap":false,"_VenueShowMapLink":false,"footnotes":""},"class_list":["post-1685","page","type-page","status-publish","hentry"],"yoast_head":"<!-- This site is optimized with the Yoast SEO plugin v24.1 - https:\/\/yoast.com\/wordpress\/plugins\/seo\/ -->\n<title>Privacy policy - Lietuvos chor\u0173 sajunga<\/title>\n<meta name=\"robots\" content=\"index, follow, max-snippet:-1, max-image-preview:large, max-video-preview:-1\" \/>\n<link rel=\"canonical\" href=\"https:\/\/archive.lchs.lt\/en\/privacy-policy\/\" \/>\n<meta property=\"og:locale\" content=\"en_US\" \/>\n<meta property=\"og:type\" content=\"article\" \/>\n<meta property=\"og:title\" content=\"Privacy policy - Lietuvos chor\u0173 sajunga\" \/>\n<meta property=\"og:description\" content=\"BENDRA INFORMACIJA Asociacija Lietuvos chor\u0173 s\u0105junga (toliau \u2013 Duomen\u0173 valdytojas) \u0161ia privatumo politika (toliau \u2013 Privatumo politika) nustato asmens duomen\u0173 tvarkymo s\u0105lygas naudojantis Duomen\u0173 valdytojo valdoma interneto svetaine. Privatumo politikos [&hellip;]\" \/>\n<meta property=\"og:url\" content=\"https:\/\/archive.lchs.lt\/en\/privacy-policy\/\" \/>\n<meta property=\"og:site_name\" content=\"Lietuvos chor\u0173 sajunga\" \/>\n<meta property=\"article:modified_time\" content=\"2021-09-24T12:16:05+00:00\" \/>\n<meta name=\"twitter:card\" content=\"summary_large_image\" \/>\n<meta name=\"twitter:label1\" content=\"Est. reading time\" \/>\n\t<meta name=\"twitter:data1\" content=\"3 minutes\" \/>\n<script type=\"application\/ld+json\" class=\"yoast-schema-graph\">{\"@context\":\"https:\/\/schema.org\",\"@graph\":[{\"@type\":\"WebPage\",\"@id\":\"https:\/\/archive.lchs.lt\/en\/privacy-policy\/\",\"url\":\"https:\/\/archive.lchs.lt\/en\/privacy-policy\/\",\"name\":\"Privacy policy - Lietuvos chor\u0173 sajunga\",\"isPartOf\":{\"@id\":\"https:\/\/archive.lchs.lt\/en\/#website\"},\"datePublished\":\"2021-09-24T10:30:21+00:00\",\"dateModified\":\"2021-09-24T12:16:05+00:00\",\"breadcrumb\":{\"@id\":\"https:\/\/archive.lchs.lt\/en\/privacy-policy\/#breadcrumb\"},\"inLanguage\":\"en-US\",\"potentialAction\":[{\"@type\":\"ReadAction\",\"target\":[\"https:\/\/archive.lchs.lt\/en\/privacy-policy\/\"]}]},{\"@type\":\"BreadcrumbList\",\"@id\":\"https:\/\/archive.lchs.lt\/en\/privacy-policy\/#breadcrumb\",\"itemListElement\":[{\"@type\":\"ListItem\",\"position\":1,\"name\":\"Prad\u017eia\",\"item\":\"https:\/\/archive.lchs.lt\/en\/\"},{\"@type\":\"ListItem\",\"position\":2,\"name\":\"Privacy policy\"}]},{\"@type\":\"WebSite\",\"@id\":\"https:\/\/archive.lchs.lt\/en\/#website\",\"url\":\"https:\/\/archive.lchs.lt\/en\/\",\"name\":\"Lietuvos chor\u0173 sajunga\",\"description\":\"Lietuvos chor\u0173 sajunga\",\"potentialAction\":[{\"@type\":\"SearchAction\",\"target\":{\"@type\":\"EntryPoint\",\"urlTemplate\":\"https:\/\/archive.lchs.lt\/en\/?s={search_term_string}\"},\"query-input\":{\"@type\":\"PropertyValueSpecification\",\"valueRequired\":true,\"valueName\":\"search_term_string\"}}],\"inLanguage\":\"en-US\"}]}<\/script>\n<!-- \/ Yoast SEO plugin. -->","yoast_head_json":{"title":"Privacy policy - Lietuvos chor\u0173 sajunga","robots":{"index":"index","follow":"follow","max-snippet":"max-snippet:-1","max-image-preview":"max-image-preview:large","max-video-preview":"max-video-preview:-1"},"canonical":"https:\/\/archive.lchs.lt\/en\/privacy-policy\/","og_locale":"en_US","og_type":"article","og_title":"Privacy policy - Lietuvos chor\u0173 sajunga","og_description":"BENDRA INFORMACIJA Asociacija Lietuvos chor\u0173 s\u0105junga (toliau \u2013 Duomen\u0173 valdytojas) \u0161ia privatumo politika (toliau \u2013 Privatumo politika) nustato asmens duomen\u0173 tvarkymo s\u0105lygas naudojantis Duomen\u0173 valdytojo valdoma interneto svetaine. Privatumo politikos [&hellip;]","og_url":"https:\/\/archive.lchs.lt\/en\/privacy-policy\/","og_site_name":"Lietuvos chor\u0173 sajunga","article_modified_time":"2021-09-24T12:16:05+00:00","twitter_card":"summary_large_image","twitter_misc":{"Est. reading time":"3 minutes"},"schema":{"@context":"https:\/\/schema.org","@graph":[{"@type":"WebPage","@id":"https:\/\/archive.lchs.lt\/en\/privacy-policy\/","url":"https:\/\/archive.lchs.lt\/en\/privacy-policy\/","name":"Privacy policy - Lietuvos chor\u0173 sajunga","isPartOf":{"@id":"https:\/\/archive.lchs.lt\/en\/#website"},"datePublished":"2021-09-24T10:30:21+00:00","dateModified":"2021-09-24T12:16:05+00:00","breadcrumb":{"@id":"https:\/\/archive.lchs.lt\/en\/privacy-policy\/#breadcrumb"},"inLanguage":"en-US","potentialAction":[{"@type":"ReadAction","target":["https:\/\/archive.lchs.lt\/en\/privacy-policy\/"]}]},{"@type":"BreadcrumbList","@id":"https:\/\/archive.lchs.lt\/en\/privacy-policy\/#breadcrumb","itemListElement":[{"@type":"ListItem","position":1,"name":"Prad\u017eia","item":"https:\/\/archive.lchs.lt\/en\/"},{"@type":"ListItem","position":2,"name":"Privacy policy"}]},{"@type":"WebSite","@id":"https:\/\/archive.lchs.lt\/en\/#website","url":"https:\/\/archive.lchs.lt\/en\/","name":"Lietuvos chor\u0173 sajunga","description":"Lietuvos chor\u0173 sajunga","potentialAction":[{"@type":"SearchAction","target":{"@type":"EntryPoint","urlTemplate":"https:\/\/archive.lchs.lt\/en\/?s={search_term_string}"},"query-input":{"@type":"PropertyValueSpecification","valueRequired":true,"valueName":"search_term_string"}}],"inLanguage":"en-US"}]}},"_links":{"self":[{"href":"https:\/\/archive.lchs.lt\/en\/wp-json\/wp\/v2\/pages\/1685"}],"collection":[{"href":"https:\/\/archive.lchs.lt\/en\/wp-json\/wp\/v2\/pages"}],"about":[{"href":"https:\/\/archive.lchs.lt\/en\/wp-json\/wp\/v2\/types\/page"}],"author":[{"embeddable":true,"href":"https:\/\/archive.lchs.lt\/en\/wp-json\/wp\/v2\/users\/4"}],"replies":[{"embeddable":true,"href":"https:\/\/archive.lchs.lt\/en\/wp-json\/wp\/v2\/comments?post=1685"}],"version-history":[{"count":1,"href":"https:\/\/archive.lchs.lt\/en\/wp-json\/wp\/v2\/pages\/1685\/revisions"}],"predecessor-version":[{"id":1687,"href":"https:\/\/archive.lchs.lt\/en\/wp-json\/wp\/v2\/pages\/1685\/revisions\/1687"}],"wp:attachment":[{"href":"https:\/\/archive.lchs.lt\/en\/wp-json\/wp\/v2\/media?parent=1685"}],"curies":[{"name":"wp","href":"https:\/\/api.w.org\/{rel}","templated":true}]}}